{"id":1028,"date":"2023-03-01T19:00:12","date_gmt":"2023-03-01T19:00:12","guid":{"rendered":"https:\/\/www.asesoriaandujarmalaga.com\/?page_id=1028"},"modified":"2023-03-27T16:34:33","modified_gmt":"2023-03-27T16:34:33","slug":"politica-de-cookies","status":"publish","type":"page","link":"https:\/\/www.asesoriaandujarmalaga.com\/en\/politica-de-cookies\/","title":{"rendered":"Pol\u00edtica de Cookies"},"content":{"rendered":"<div data-elementor-type=\"wp-page\" data-elementor-id=\"1028\" class=\"elementor elementor-1028\" data-elementor-post-type=\"page\">\n\t\t\t\t\t\t<section class=\"elementor-section elementor-top-section elementor-element elementor-element-80f0582 elementor-section-boxed elementor-section-height-default elementor-section-height-default\" data-id=\"80f0582\" data-element_type=\"section\">\n\t\t\t\t\t\t<div class=\"elementor-container elementor-column-gap-default\">\n\t\t\t\t\t<div class=\"elementor-column elementor-col-100 elementor-top-column elementor-element elementor-element-4054790\" data-id=\"4054790\" data-element_type=\"column\">\n\t\t\t<div class=\"elementor-widget-wrap elementor-element-populated\">\n\t\t\t\t\t\t<div class=\"elementor-element elementor-element-977fa78 elementor-widget elementor-widget-heading\" data-id=\"977fa78\" data-element_type=\"widget\" data-widget_type=\"heading.default\">\n\t\t\t\t<div class=\"elementor-widget-container\">\n\t\t\t\t\t<h2 class=\"elementor-heading-title elementor-size-default\">Pol\u00edtica de Cookies<\/h2>\t\t\t\t<\/div>\n\t\t\t\t<\/div>\n\t\t\t\t<div class=\"elementor-element elementor-element-3253c37 elementor-widget elementor-widget-text-editor\" data-id=\"3253c37\" data-element_type=\"widget\" data-widget_type=\"text-editor.default\">\n\t\t\t\t<div class=\"elementor-widget-container\">\n\t\t\t\t\t\t\t\t\t<p><strong>Introducci\u00f3n.<\/strong><span style=\"text-decoration: underline;\"><strong> Definici\u00f3n y funci\u00f3n de las cookies.<br \/><\/strong><\/span><br \/>Cookie es un fichero que se descarga en su ordenador al acceder a determinadas p\u00e1ginas<br \/>web. Las Cookies permiten a una p\u00e1gina web, entre otras cosas, almacenar y recuperar<br \/>informaci\u00f3n sobre los h\u00e1bitos de navegaci\u00f3n de un usuario o de su equipo y, dependiendo<br \/>de la informaci\u00f3n que contengan y de la forma en que utilice su equipo, pueden utilizarse<br \/>para reconocer al Usuario. El navegador del Usuario memoriza Cookies en el disco duro<br \/>solamente durante la sesi\u00f3n actual ocupando un espacio de memoria m\u00ednimo y no<br \/>perjudicando al ordenador. Las Cookies no contienen ninguna clase de informaci\u00f3n<br \/>personal espec\u00edfica, y la mayor\u00eda de las mismas se borran del disco duro al finalizar la<br \/>sesi\u00f3n de navegador (las denominadas Cookies de sesi\u00f3n).<br \/>La mayor\u00eda de los navegadores aceptan como est\u00e1ndar a las Cookies y, con independencia<br \/>de las mismas, permiten o impiden en los ajustes de seguridad las Cookies temporales o<br \/>memorizadas.<br \/>Sin tu expreso consentimiento \u2013mediante la activaci\u00f3n de las Cookies en su navegador\u2013 no<br \/>enlazaremos en las cookies los datos memorizados con tus datos personales<br \/>proporcionados en el momento de tu solicitud o compra.<\/p><p><span style=\"text-decoration: underline;\"><strong>\u00bfQu\u00e9 tipo de Cookies utiliza esta p\u00e1gina web?<\/strong><\/span><\/p><p><strong><span style=\"color: #000000;\"><em>-Seg\u00fan la entidad que las gestiona:<br \/><\/em><\/span><\/strong><br \/>Cookies propias: Son aqu\u00e9llas que se env\u00edan desde nuestros propios equipos o<br \/>dominio.<\/p><p>Cookies de terceros: son aqu\u00e9llas que se env\u00edan desde un equipo o dominio que no es<br \/>gestionado por nosotros, sino por una tercera entidad.<\/p><p><strong>-Seg\u00fan el plazo de tiempo que permanecen activadas:<\/strong><span style=\"text-decoration: underline;\"><strong><br \/><\/strong><\/span><br \/>Cookies de sesi\u00f3n: Son cookies temporales que permanecen en tu navegador hasta<br \/>que abandonas la p\u00e1gina web, no quedando registradas en el disco duro de tu ordenador o<br \/>dispositivo equivalente. Con ella, se analiza las pautas de tr\u00e1fico en la web, lo que nos<br \/>permite mejorar progresivamente los contenidos y usos de la web.<\/p><p>Cookies persistentes: son las que se almacenan en el disco duro durante un tiempo<br \/>determinado y son le\u00eddas por nuestra web cada vez que se realiza una nueva visita. Estas<br \/>cookies expiran una vez transcurrido el plazo preestablecido y se utilizan, habitualmente,<br \/>para facilitar los servicios de compra y registro.<br \/><span style=\"text-decoration: underline;\"><strong><br \/><\/strong><\/span><strong>-Seg\u00fan su finalidad:<\/strong><\/p><p>Cookies t\u00e9cnicas: Son aqu\u00e9llas que permiten al usuario obtener una navegaci\u00f3n<br \/>satisfactoria ya que posibilitan un buen funcionamiento de la web. Por ejemplo, permiten<br \/>controlar el tr\u00e1fico y la comunicaci\u00f3n de datos, acceder a \u00e1reas de acceso restringido,<br \/>realizar el proceso de compra o formulario de solicitud, utilizar elementos de seguridad,<br \/>almacenar contenidos para la difusi\u00f3n de videos o compartir contenidos a trav\u00e9s de redes<br \/>sociales.<\/p><p>Cookies de personalizaci\u00f3n: Son aqu\u00e9llas que permiten al usuario acceder al servicio<br \/>con unas caracter\u00edsticas predefinidas en funci\u00f3n de una serie de criterios (idioma, tipo de<br \/>navegador a trav\u00e9s del cual se accede al servicio, configuraci\u00f3n regional desde donde se<br \/>accede al servicio, etc\u2026).<\/p><p>Cookies de an\u00e1lisis: Son aqu\u00e9llas que permiten cuantificar el n\u00famero de usuarios y as\u00ed<br \/>realizar la medici\u00f3n y an\u00e1lisis estad\u00edstico de la utilizaci\u00f3n que hacen los usuarios de los<br \/>servicios prestados.<\/p><p>Cookies publicitarias: Son aqu\u00e9llas que permiten la gesti\u00f3n, de la forma m\u00e1s eficaz<br \/>posible, de los espacios publicitarios que ofrecemos.<\/p><p>Cookies de publicidad comportamental: Son aqu\u00e9llas que almacenan<br \/>informaci\u00f3n del comportamiento de los usuarios obtenida a trav\u00e9s de la observaci\u00f3n<br \/>continuada de sus h\u00e1bitos de navegaci\u00f3n, permitiendo desarrollar un perfil espec\u00edfico para<br \/>mostrar publicidad en funci\u00f3n del mismo.<\/p><p>A continuaci\u00f3n detallamos las Cookies utilizadas en nuestra web y la finalidad de las<br \/>mismas:<\/p><p><strong><span style=\"text-decoration: underline;\">COOKIES PROPIAS:<\/span><\/strong><\/p><p>Nombre:<br \/>Tipo de cookie (t\u00e9cnica, personalizaci\u00f3n, publicidad, an\u00e1lisis, etc.):<br \/>De sesi\u00f3n o persistente:<br \/>Finalidad:<br \/>Datos que recopila (en caso de elaboraci\u00f3n de perfiles, por ejemplo, publicidad<br \/>comportamental):<br \/>Periodo de conservaci\u00f3n de los datos:<br \/>Uso de las cookies por terceros distintos al editor:<br \/>Transferencias a terceros pa\u00edses (en su caso, identificar a los terceros pa\u00edses y proporcionar<br \/>informaci\u00f3n sobre d\u00f3nde y c\u00f3mo se puede acceder a la decisi\u00f3n de adecuaci\u00f3n o a las<br \/>garant\u00edas adecuadas o apropiadas):<br \/>*Excluida\/ no excluida (del deber de la informaci\u00f3n y el consentimiento)<\/p><p>**Debe saber que se entienden como cookies excluidas del deber de informaci\u00f3n y<br \/>consentimiento las que son estrictamente necesarias para la prestaci\u00f3n de un servicio<br \/>expresamente solicitado por el usuario o aquellas necesarias \u00fanicamente para permitir la<br \/>comunicaci\u00f3n entre el equipo del usuario y la red, como por ejemplo: cookies de sesi\u00f3n,<br \/>cookies de entrada de usuario, cookies de seguridad del usuario, cookies de sesi\u00f3n de<br \/>reproductor multimedia, cookies de sesi\u00f3n para equilibrar la carga, determinadas cookies<br \/>t\u00e9cnicas, cookies de personalizaci\u00f3n y determinadas cookies de complemento.<br \/><br \/><span style=\"text-decoration: underline;\"><strong>COOKIES DE TERCEROS:<\/strong><\/span><br \/><br \/>Nombre del proveedor<br \/>Nombre de la Cookie<br \/>Finalidad de la Cookie y descripci\u00f3n de la finalidad de la Cookie<br \/>Tipo de cookie (t\u00e9cnica, personalizaci\u00f3n, publicidad, an\u00e1lisis, etc.)<br \/>De sesi\u00f3n o persistente:<br \/>Datos que recopila (en caso de elaboraci\u00f3n de perfiles, por ejemplo, publicidad<br \/>comportamental):<br \/>Periodo de conservaci\u00f3n de los datos:<br \/>Uso de las cookies por terceros distintos al editor:<br \/>Transferencias a terceros pa\u00edses (en su caso, identificar a los terceros pa\u00edses y proporcionar<br \/>informaci\u00f3n sobre d\u00f3nde y c\u00f3mo se puede acceder a la decisi\u00f3n de adecuaci\u00f3n o a las<br \/>garant\u00edas adecuadas o apropiadas):<br \/>Si desea m\u00e1s informaci\u00f3n sobre el uso de las Cookies de este tercero (enlace)<\/p><p>Estas listas se actualizan a la mayor brevedad cuando se produce alg\u00fan tipo de cambio en<br \/>los servicios ofrecidos en la web. No obstante, puede ocurrir que durante la actualizaci\u00f3n<br \/>la lista no incluya ya alguna Cookie, aunque siempre estar\u00e1n referidas a Cookies con<br \/>id\u00e9nticos prop\u00f3sitos a los registrados en la lista.<br \/><br \/><span style=\"text-decoration: underline;\"><strong>Aceptaci\u00f3n del uso de cookies. Obtenci\u00f3n del consentimiento y forma de desactivar o<\/strong><\/span><br \/><span style=\"text-decoration: underline;\"><strong>eliminar las cookies.<br \/><\/strong><\/span><br \/>Cuando el Usuario accede a nuestro Sitio Web y antes de comenzar la navegaci\u00f3n, es<br \/>advertido sobre el uso de Cookies de manera que puede prestar su consentimiento con<br \/>relaci\u00f3n a nuestra Pol\u00edtica de Cookies, pulsando el bot\u00f3n \u201cAceptar\u201d en la ventana<br \/>informativa. De esta forma, el Usuario acepta expresamente, el tratamiento de la<br \/>informaci\u00f3n recabada en la forma y con los fines anteriormente mencionados.<br \/>Son cookies excluidas del deber de informaci\u00f3n y del consentimiento las estrictamente<br \/>necesarias para la prestaci\u00f3n de un servicio expresamente solicitado por el usuario o aquellas<br \/>necesarias \u00fanicamente para permitir la comunicaci\u00f3n entre el equipo del usuario y la red,<br \/>como por ejemplo: cookies de sesi\u00f3n, cookies de entrada de usuario, cookies de seguridad del<br \/>usuario, cookies de sesi\u00f3n de reproductor multimedia, cookies de sesi\u00f3n para equilibrar la<br \/>carga, determinadas cookies t\u00e9cnicas, cookies de personalizaci\u00f3n y determinadas cookies de<br \/>complemento.<br \/>Tambi\u00e9n podr\u00e1 configurar las cookies y, asimismo, reconoce la posibilidad de rechazar el<br \/>tratamiento de tales datos o informaci\u00f3n rechazando el uso de Cookies mediante la<br \/>selecci\u00f3n de la configuraci\u00f3n apropiada a tal fin en su navegador. Si bien esta opci\u00f3n de<br \/>bloqueo de Cookies en su navegador puede no permitirle el uso pleno de todas las<br \/>funcionalidades de la Web y que la experiencia en nuestra web sea menos satisfactoria.<br \/>Puede usted permitir, bloquear o eliminar las cookies instaladas en su equipo mediante la<br \/>configuraci\u00f3n de las opciones del navegador instalado en su ordenador:<br \/>\uf0b7 Internet Explorer:<br \/>Windows.microsoft.com\/es-xl\/internet-explorer\/delete-manage-cookies#ie=ie-10<br \/>\uf0b7 Firefox:<br \/>support.mozilla.org\/es\/kb\/Borrar%20cookies<br \/>\uf0b7 Chrome:<br \/>support.google.com\/chrome\/answer\/95647?hl=es<br \/>\uf0b7 Safari:<br \/>www.apple.com\/es\/privacy\/use-of-cookies\/<br \/>\uf0b7 Opera:<br \/>http:\/\/help.opera.com\/Windows\/12.00\/es-ES\/cookies.html<br \/>Si tiene dudas sobre esta pol\u00edtica de cookies, puede contactar con nosotros enviando un email a la direcci\u00f3n indicada en la Pol\u00edtica de Privacidad.<\/p>\t\t\t\t\t\t\t\t<\/div>\n\t\t\t\t<\/div>\n\t\t\t\t\t<\/div>\n\t\t<\/div>\n\t\t\t\t\t<\/div>\n\t\t<\/section>\n\t\t\t\t<\/div>","protected":false},"excerpt":{"rendered":"<p>Pol\u00edtica de Cookies Introducci\u00f3n. Definici\u00f3n y funci\u00f3n de las cookies. Cookie es un fichero que se descarga en su ordenador al acceder a determinadas p\u00e1ginas web. Las Cookies permiten a una p\u00e1gina web, entre otras cosas, almacenar y recuperar informaci\u00f3n sobre los h\u00e1bitos de navegaci\u00f3n de un usuario o de su equipo y, dependiendo de [&hellip;]<\/p>","protected":false},"author":1,"featured_media":0,"parent":0,"menu_order":0,"comment_status":"closed","ping_status":"closed","template":"elementor_header_footer","meta":{"footnotes":""},"class_list":["post-1028","page","type-page","status-publish","hentry"],"yoast_head":"<!-- This site is optimized with the Yoast SEO plugin v25.1 - https:\/\/yoast.com\/wordpress\/plugins\/seo\/ -->\n<title>Pol\u00edtica de Cookies |<\/title>\n<meta name=\"robots\" content=\"noindex, nofollow\" \/>\n<meta property=\"og:locale\" content=\"en_US\" \/>\n<meta property=\"og:type\" content=\"article\" \/>\n<meta property=\"og:title\" content=\"Pol\u00edtica de Cookies |\" \/>\n<meta property=\"og:description\" content=\"Pol\u00edtica de Cookies Introducci\u00f3n. Definici\u00f3n y funci\u00f3n de las cookies. Cookie es un fichero que se descarga en su ordenador al acceder a determinadas p\u00e1ginas web. Las Cookies permiten a una p\u00e1gina web, entre otras cosas, almacenar y recuperar informaci\u00f3n sobre los h\u00e1bitos de navegaci\u00f3n de un usuario o de su equipo y, dependiendo de [&hellip;]\" \/>\n<meta property=\"og:url\" content=\"https:\/\/www.asesoriaandujarmalaga.com\/en\/politica-de-cookies\/\" \/>\n<meta property=\"og:site_name\" content=\"Asesor&iacute;a M&aacute;laga\" \/>\n<meta property=\"article:modified_time\" content=\"2023-03-27T16:34:33+00:00\" \/>\n<meta name=\"twitter:card\" content=\"summary_large_image\" \/>\n<meta name=\"twitter:label1\" content=\"Est. reading time\" \/>\n\t<meta name=\"twitter:data1\" content=\"6 minutes\" \/>\n<script type=\"application\/ld+json\" class=\"yoast-schema-graph\">{\"@context\":\"https:\/\/schema.org\",\"@graph\":[{\"@type\":\"WebPage\",\"@id\":\"https:\/\/www.asesoriaandujarmalaga.com\/politica-de-cookies\/\",\"url\":\"https:\/\/www.asesoriaandujarmalaga.com\/politica-de-cookies\/\",\"name\":\"Pol\u00edtica de Cookies |\",\"isPartOf\":{\"@id\":\"https:\/\/www.asesoriaandujarmalaga.com\/#website\"},\"datePublished\":\"2023-03-01T19:00:12+00:00\",\"dateModified\":\"2023-03-27T16:34:33+00:00\",\"breadcrumb\":{\"@id\":\"https:\/\/www.asesoriaandujarmalaga.com\/politica-de-cookies\/#breadcrumb\"},\"inLanguage\":\"en-US\",\"potentialAction\":[{\"@type\":\"ReadAction\",\"target\":[\"https:\/\/www.asesoriaandujarmalaga.com\/politica-de-cookies\/\"]}]},{\"@type\":\"BreadcrumbList\",\"@id\":\"https:\/\/www.asesoriaandujarmalaga.com\/politica-de-cookies\/#breadcrumb\",\"itemListElement\":[{\"@type\":\"ListItem\",\"position\":1,\"name\":\"Portada\",\"item\":\"https:\/\/www.asesoriaandujarmalaga.com\/\"},{\"@type\":\"ListItem\",\"position\":2,\"name\":\"Pol\u00edtica de Cookies\"}]},{\"@type\":\"WebSite\",\"@id\":\"https:\/\/www.asesoriaandujarmalaga.com\/#website\",\"url\":\"https:\/\/www.asesoriaandujarmalaga.com\/\",\"name\":\"Asesor\u00eda And\u00fajar\",\"description\":\"Asesor&iacute;a en M&aacute;laga, asesor&iacute;a fiscal, asesor&iacute;a contable, declaraci&oacute;n de la renta\",\"publisher\":{\"@id\":\"https:\/\/www.asesoriaandujarmalaga.com\/#organization\"},\"potentialAction\":[{\"@type\":\"SearchAction\",\"target\":{\"@type\":\"EntryPoint\",\"urlTemplate\":\"https:\/\/www.asesoriaandujarmalaga.com\/?s={search_term_string}\"},\"query-input\":{\"@type\":\"PropertyValueSpecification\",\"valueRequired\":true,\"valueName\":\"search_term_string\"}}],\"inLanguage\":\"en-US\"},{\"@type\":\"Organization\",\"@id\":\"https:\/\/www.asesoriaandujarmalaga.com\/#organization\",\"name\":\"Asesor\u00eda And\u00fajar\",\"url\":\"https:\/\/www.asesoriaandujarmalaga.com\/\",\"logo\":{\"@type\":\"ImageObject\",\"inLanguage\":\"en-US\",\"@id\":\"https:\/\/www.asesoriaandujarmalaga.com\/#\/schema\/logo\/image\/\",\"url\":\"https:\/\/www.asesoriaandujarmalaga.com\/wp-content\/uploads\/2023\/01\/asesoria-malaga-andujar-logotipo-pluma.png\",\"contentUrl\":\"https:\/\/www.asesoriaandujarmalaga.com\/wp-content\/uploads\/2023\/01\/asesoria-malaga-andujar-logotipo-pluma.png\",\"width\":350,\"height\":100,\"caption\":\"Asesor\u00eda And\u00fajar\"},\"image\":{\"@id\":\"https:\/\/www.asesoriaandujarmalaga.com\/#\/schema\/logo\/image\/\"}}]}<\/script>\n<!-- \/ Yoast SEO plugin. -->","yoast_head_json":{"title":"Pol\u00edtica de Cookies |","robots":{"index":"noindex","follow":"nofollow"},"og_locale":"en_US","og_type":"article","og_title":"Pol\u00edtica de Cookies |","og_description":"Pol\u00edtica de Cookies Introducci\u00f3n. Definici\u00f3n y funci\u00f3n de las cookies. Cookie es un fichero que se descarga en su ordenador al acceder a determinadas p\u00e1ginas web. Las Cookies permiten a una p\u00e1gina web, entre otras cosas, almacenar y recuperar informaci\u00f3n sobre los h\u00e1bitos de navegaci\u00f3n de un usuario o de su equipo y, dependiendo de [&hellip;]","og_url":"https:\/\/www.asesoriaandujarmalaga.com\/en\/politica-de-cookies\/","og_site_name":"Asesor&iacute;a M&aacute;laga","article_modified_time":"2023-03-27T16:34:33+00:00","twitter_card":"summary_large_image","twitter_misc":{"Est. reading time":"6 minutes"},"schema":{"@context":"https:\/\/schema.org","@graph":[{"@type":"WebPage","@id":"https:\/\/www.asesoriaandujarmalaga.com\/politica-de-cookies\/","url":"https:\/\/www.asesoriaandujarmalaga.com\/politica-de-cookies\/","name":"Pol\u00edtica de Cookies |","isPartOf":{"@id":"https:\/\/www.asesoriaandujarmalaga.com\/#website"},"datePublished":"2023-03-01T19:00:12+00:00","dateModified":"2023-03-27T16:34:33+00:00","breadcrumb":{"@id":"https:\/\/www.asesoriaandujarmalaga.com\/politica-de-cookies\/#breadcrumb"},"inLanguage":"en-US","potentialAction":[{"@type":"ReadAction","target":["https:\/\/www.asesoriaandujarmalaga.com\/politica-de-cookies\/"]}]},{"@type":"BreadcrumbList","@id":"https:\/\/www.asesoriaandujarmalaga.com\/politica-de-cookies\/#breadcrumb","itemListElement":[{"@type":"ListItem","position":1,"name":"Portada","item":"https:\/\/www.asesoriaandujarmalaga.com\/"},{"@type":"ListItem","position":2,"name":"Pol\u00edtica de Cookies"}]},{"@type":"WebSite","@id":"https:\/\/www.asesoriaandujarmalaga.com\/#website","url":"https:\/\/www.asesoriaandujarmalaga.com\/","name":"Asesor\u00eda And\u00fajar","description":"Asesor&iacute;a en M&aacute;laga, asesor&iacute;a fiscal, asesor&iacute;a contable, declaraci&oacute;n de la renta","publisher":{"@id":"https:\/\/www.asesoriaandujarmalaga.com\/#organization"},"potentialAction":[{"@type":"SearchAction","target":{"@type":"EntryPoint","urlTemplate":"https:\/\/www.asesoriaandujarmalaga.com\/?s={search_term_string}"},"query-input":{"@type":"PropertyValueSpecification","valueRequired":true,"valueName":"search_term_string"}}],"inLanguage":"en-US"},{"@type":"Organization","@id":"https:\/\/www.asesoriaandujarmalaga.com\/#organization","name":"Asesor\u00eda And\u00fajar","url":"https:\/\/www.asesoriaandujarmalaga.com\/","logo":{"@type":"ImageObject","inLanguage":"en-US","@id":"https:\/\/www.asesoriaandujarmalaga.com\/#\/schema\/logo\/image\/","url":"https:\/\/www.asesoriaandujarmalaga.com\/wp-content\/uploads\/2023\/01\/asesoria-malaga-andujar-logotipo-pluma.png","contentUrl":"https:\/\/www.asesoriaandujarmalaga.com\/wp-content\/uploads\/2023\/01\/asesoria-malaga-andujar-logotipo-pluma.png","width":350,"height":100,"caption":"Asesor\u00eda And\u00fajar"},"image":{"@id":"https:\/\/www.asesoriaandujarmalaga.com\/#\/schema\/logo\/image\/"}}]}},"_links":{"self":[{"href":"https:\/\/www.asesoriaandujarmalaga.com\/en\/wp-json\/wp\/v2\/pages\/1028","targetHints":{"allow":["GET"]}}],"collection":[{"href":"https:\/\/www.asesoriaandujarmalaga.com\/en\/wp-json\/wp\/v2\/pages"}],"about":[{"href":"https:\/\/www.asesoriaandujarmalaga.com\/en\/wp-json\/wp\/v2\/types\/page"}],"author":[{"embeddable":true,"href":"https:\/\/www.asesoriaandujarmalaga.com\/en\/wp-json\/wp\/v2\/users\/1"}],"replies":[{"embeddable":true,"href":"https:\/\/www.asesoriaandujarmalaga.com\/en\/wp-json\/wp\/v2\/comments?post=1028"}],"version-history":[{"count":0,"href":"https:\/\/www.asesoriaandujarmalaga.com\/en\/wp-json\/wp\/v2\/pages\/1028\/revisions"}],"wp:attachment":[{"href":"https:\/\/www.asesoriaandujarmalaga.com\/en\/wp-json\/wp\/v2\/media?parent=1028"}],"curies":[{"name":"wp","href":"https:\/\/api.w.org\/{rel}","templated":true}]}}